{"id":41814,"date":"2021-03-12T09:35:20","date_gmt":"2021-03-12T07:35:20","guid":{"rendered":"https:\/\/catgas.cat\/?page_id=41814"},"modified":"2022-08-29T16:11:59","modified_gmt":"2022-08-29T14:11:59","slug":"cambios-precios-1-enero-2022","status":"publish","type":"page","link":"https:\/\/catgas.cat\/es\/cambios-precios-1-enero-2022\/","title":{"rendered":"Cambios de precios: 1 enero 2022"},"content":{"rendered":"<p>[vc_row css_animation=&#8221;&#8221; row_type=&#8221;row&#8221; use_row_as_full_screen_section=&#8221;no&#8221; type=&#8221;full_width&#8221; angled_section=&#8221;no&#8221; text_align=&#8221;left&#8221; background_image_as_pattern=&#8221;without_pattern&#8221;][vc_column width=&#8221;2\/5&#8243;][vc_column_text]<\/p>\n<p style=\"text-align: justify;\">Como ya sab\u00e9is, desde este verano el precio de la ELECTRICIDAD en el mercado est\u00e1 sufriendo una constante subida, nunca vista hasta ahora. Durante estos \u00faltimos meses nos hemos visto obligados a hacer algunas subidas a los precios de nuestras tarifas. Es por eso que queremos avisar a nuestros consumidores que el precio de la electricidad lo tendremos establecido a partir de ahora con tarifa indexada (tarifa indexada al pool), y sus variaciones se ver\u00e1n afectadas directamente por el mercado mayorista:<\/p>\n<h2><span style=\"color: #00a0f0;\"><strong>2.0TD<\/strong><\/span><\/h2>\n<p>Indexada<\/p>\n<h2><span style=\"color: #00a0f0;\"><strong>2.0TDL<\/strong><\/span><\/h2>\n<p>Indexada<\/p>\n<h2><span style=\"color: #00a0f0;\"><strong>3.0TD<\/strong><\/span><\/h2>\n<p>Indexada<\/p>\n<p>&nbsp;<\/p>\n<p style=\"text-align: justify;\">Del mismo modo, el precio del GAS tambi\u00e9n est\u00e1 sufriendo fuertes subidas, hecho que nos lleva a marcar los siguientes precios (precios sin I.V.A., en \u20ac\/kWh):<\/p>\n<h2><span style=\"color: #00a0f0;\"><strong>RL.1<\/strong><\/span><\/h2>\n<p><a href=\"https:\/\/catgas.cat\/es\/tarifes-catgas-llar\/\">Consultar<\/a><\/p>\n<h2><span style=\"color: #00a0f0;\"><strong>RL.2<\/strong><\/span><\/h2>\n<p><a href=\"https:\/\/catgas.cat\/es\/tarifes-catgas-llar\/\">Consultar<\/a><\/p>\n<h2><span style=\"color: #00a0f0;\"><strong>RL.3<\/strong><\/span><\/h2>\n<p><a href=\"https:\/\/catgas.cat\/es\/tarifes-catgas-llar\/\">Consultar<\/a><\/p>\n<p>&nbsp;<\/p>\n<p style=\"text-align: justify;\">Si necesitas m\u00e1s informaci\u00f3n sobre los nuevos precios de tarifes superiores de GAS y ELECTRICIDAD, no dudes en contactar con nosotros.<\/p>\n<p>\u00a1Saludos![\/vc_column_text][\/vc_column][vc_column width=&#8221;1\/5&#8243;][\/vc_column][vc_column width=&#8221;2\/5&#8243;][vc_single_image image=&#8221;737&#8243; img_size=&#8221;full&#8221; alignment=&#8221;center&#8221; qode_css_animation=&#8221;&#8221;][\/vc_column][\/vc_row]<\/p>\n","protected":false},"excerpt":{"rendered":"<p>[vc_row css_animation=&#8221;&#8221; row_type=&#8221;row&#8221; use_row_as_full_screen_section=&#8221;no&#8221; type=&#8221;full_width&#8221; angled_section=&#8221;no&#8221; text_align=&#8221;left&#8221; background_image_as_pattern=&#8221;without_pattern&#8221;][vc_column width=&#8221;2\/5&#8243;][vc_column_text] Como ya sab\u00e9is, desde este verano el precio de la ELECTRICIDAD en el mercado est\u00e1 sufriendo una constante subida, nunca vista hasta ahora. Durante estos \u00faltimos meses nos hemos visto obligados a hacer algunas subidas a&#8230;<\/p>\n","protected":false},"author":1,"featured_media":0,"parent":0,"menu_order":0,"comment_status":"closed","ping_status":"closed","template":"","meta":[],"categories":[],"tags":[],"section":[],"yoast_head":"<!-- This site is optimized with the Yoast SEO plugin v17.2.1 - https:\/\/yoast.com\/wordpress\/plugins\/seo\/ -->\n<meta name=\"robots\" content=\"index, follow, max-snippet:-1, max-image-preview:large, max-video-preview:-1\" \/>\n<link rel=\"canonical\" href=\"https:\/\/catgas.cat\/es\/cambios-precios-1-enero-2022\/\" \/>\n<meta property=\"og:locale\" content=\"es_ES\" \/>\n<meta property=\"og:type\" content=\"article\" \/>\n<meta property=\"og:title\" content=\"Cambios de precios: 1 enero 2022 - Catgas\" \/>\n<meta property=\"og:description\" content=\"[vc_row css_animation=&#8221;&#8221; row_type=&#8221;row&#8221; use_row_as_full_screen_section=&#8221;no&#8221; type=&#8221;full_width&#8221; angled_section=&#8221;no&#8221; text_align=&#8221;left&#8221; background_image_as_pattern=&#8221;without_pattern&#8221;][vc_column width=&#8221;2\/5&#8243;][vc_column_text] Como ya sab\u00e9is, desde este verano el precio de la ELECTRICIDAD en el mercado est\u00e1 sufriendo una constante subida, nunca vista hasta ahora. Durante estos \u00faltimos meses nos hemos visto obligados a hacer algunas subidas a...\" \/>\n<meta property=\"og:url\" content=\"https:\/\/catgas.cat\/es\/cambios-precios-1-enero-2022\/\" \/>\n<meta property=\"og:site_name\" content=\"Catgas\" \/>\n<meta property=\"article:modified_time\" content=\"2022-08-29T14:11:59+00:00\" \/>\n<meta property=\"og:image\" content=\"https:\/\/catgas.cat\/wp-content\/uploads\/2019\/03\/CG_Web_Thumbnail_100.jpg\" \/>\n\t<meta property=\"og:image:width\" content=\"600\" \/>\n\t<meta property=\"og:image:height\" content=\"600\" \/>\n<meta name=\"twitter:card\" content=\"summary_large_image\" \/>\n<meta name=\"twitter:label1\" content=\"Temps estimat de lectura\" \/>\n\t<meta name=\"twitter:data1\" content=\"1 minute\" \/>\n<script type=\"application\/ld+json\" class=\"yoast-schema-graph\">{\"@context\":\"https:\/\/schema.org\",\"@graph\":[{\"@type\":\"Organization\",\"@id\":\"https:\/\/catgas.cat\/#organization\",\"name\":\"Catgas Energia\",\"url\":\"https:\/\/catgas.cat\/\",\"sameAs\":[],\"logo\":{\"@type\":\"ImageObject\",\"@id\":\"https:\/\/catgas.cat\/#logo\",\"inLanguage\":\"es\",\"url\":\"https:\/\/catgas.cat\/wp-content\/uploads\/2019\/02\/logo-catgas.png\",\"contentUrl\":\"https:\/\/catgas.cat\/wp-content\/uploads\/2019\/02\/logo-catgas.png\",\"width\":264,\"height\":90,\"caption\":\"Catgas Energia\"},\"image\":{\"@id\":\"https:\/\/catgas.cat\/#logo\"}},{\"@type\":\"WebSite\",\"@id\":\"https:\/\/catgas.cat\/#website\",\"url\":\"https:\/\/catgas.cat\/\",\"name\":\"Catgas\",\"description\":\"\",\"publisher\":{\"@id\":\"https:\/\/catgas.cat\/#organization\"},\"potentialAction\":[{\"@type\":\"SearchAction\",\"target\":{\"@type\":\"EntryPoint\",\"urlTemplate\":\"https:\/\/catgas.cat\/?s={search_term_string}\"},\"query-input\":\"required name=search_term_string\"}],\"inLanguage\":\"es\"},{\"@type\":\"WebPage\",\"@id\":\"https:\/\/catgas.cat\/es\/cambios-precios-1-enero-2022\/#webpage\",\"url\":\"https:\/\/catgas.cat\/es\/cambios-precios-1-enero-2022\/\",\"name\":\"Cambios de precios: 1 enero 2022 - Catgas\",\"isPartOf\":{\"@id\":\"https:\/\/catgas.cat\/#website\"},\"datePublished\":\"2021-03-12T07:35:20+00:00\",\"dateModified\":\"2022-08-29T14:11:59+00:00\",\"breadcrumb\":{\"@id\":\"https:\/\/catgas.cat\/es\/cambios-precios-1-enero-2022\/#breadcrumb\"},\"inLanguage\":\"es\",\"potentialAction\":[{\"@type\":\"ReadAction\",\"target\":[\"https:\/\/catgas.cat\/es\/cambios-precios-1-enero-2022\/\"]}]},{\"@type\":\"BreadcrumbList\",\"@id\":\"https:\/\/catgas.cat\/es\/cambios-precios-1-enero-2022\/#breadcrumb\",\"itemListElement\":[{\"@type\":\"ListItem\",\"position\":1,\"name\":\"Inici\",\"item\":\"https:\/\/catgas.cat\/es\/\"},{\"@type\":\"ListItem\",\"position\":2,\"name\":\"Cambios de precios: 1 enero 2022\"}]}]}<\/script>\n<!-- \/ Yoast SEO plugin. -->","yoast_head_json":{"robots":{"index":"index","follow":"follow","max-snippet":"max-snippet:-1","max-image-preview":"max-image-preview:large","max-video-preview":"max-video-preview:-1"},"canonical":"https:\/\/catgas.cat\/es\/cambios-precios-1-enero-2022\/","og_locale":"es_ES","og_type":"article","og_title":"Cambios de precios: 1 enero 2022 - Catgas","og_description":"[vc_row css_animation=&#8221;&#8221; row_type=&#8221;row&#8221; use_row_as_full_screen_section=&#8221;no&#8221; type=&#8221;full_width&#8221; angled_section=&#8221;no&#8221; text_align=&#8221;left&#8221; background_image_as_pattern=&#8221;without_pattern&#8221;][vc_column width=&#8221;2\/5&#8243;][vc_column_text] Como ya sab\u00e9is, desde este verano el precio de la ELECTRICIDAD en el mercado est\u00e1 sufriendo una constante subida, nunca vista hasta ahora. Durante estos \u00faltimos meses nos hemos visto obligados a hacer algunas subidas a...","og_url":"https:\/\/catgas.cat\/es\/cambios-precios-1-enero-2022\/","og_site_name":"Catgas","article_modified_time":"2022-08-29T14:11:59+00:00","og_image":[{"width":600,"height":600,"url":"https:\/\/catgas.cat\/wp-content\/uploads\/2019\/03\/CG_Web_Thumbnail_100.jpg","path":"\/home\/catgasca\/public_html\/wp-content\/uploads\/2019\/03\/CG_Web_Thumbnail_100.jpg","size":"full","id":880,"alt":"","pixels":360000,"type":"image\/jpeg"}],"twitter_card":"summary_large_image","twitter_misc":{"Temps estimat de lectura":"1 minute"},"schema":{"@context":"https:\/\/schema.org","@graph":[{"@type":"Organization","@id":"https:\/\/catgas.cat\/#organization","name":"Catgas Energia","url":"https:\/\/catgas.cat\/","sameAs":[],"logo":{"@type":"ImageObject","@id":"https:\/\/catgas.cat\/#logo","inLanguage":"es","url":"https:\/\/catgas.cat\/wp-content\/uploads\/2019\/02\/logo-catgas.png","contentUrl":"https:\/\/catgas.cat\/wp-content\/uploads\/2019\/02\/logo-catgas.png","width":264,"height":90,"caption":"Catgas Energia"},"image":{"@id":"https:\/\/catgas.cat\/#logo"}},{"@type":"WebSite","@id":"https:\/\/catgas.cat\/#website","url":"https:\/\/catgas.cat\/","name":"Catgas","description":"","publisher":{"@id":"https:\/\/catgas.cat\/#organization"},"potentialAction":[{"@type":"SearchAction","target":{"@type":"EntryPoint","urlTemplate":"https:\/\/catgas.cat\/?s={search_term_string}"},"query-input":"required name=search_term_string"}],"inLanguage":"es"},{"@type":"WebPage","@id":"https:\/\/catgas.cat\/es\/cambios-precios-1-enero-2022\/#webpage","url":"https:\/\/catgas.cat\/es\/cambios-precios-1-enero-2022\/","name":"Cambios de precios: 1 enero 2022 - Catgas","isPartOf":{"@id":"https:\/\/catgas.cat\/#website"},"datePublished":"2021-03-12T07:35:20+00:00","dateModified":"2022-08-29T14:11:59+00:00","breadcrumb":{"@id":"https:\/\/catgas.cat\/es\/cambios-precios-1-enero-2022\/#breadcrumb"},"inLanguage":"es","potentialAction":[{"@type":"ReadAction","target":["https:\/\/catgas.cat\/es\/cambios-precios-1-enero-2022\/"]}]},{"@type":"BreadcrumbList","@id":"https:\/\/catgas.cat\/es\/cambios-precios-1-enero-2022\/#breadcrumb","itemListElement":[{"@type":"ListItem","position":1,"name":"Inici","item":"https:\/\/catgas.cat\/es\/"},{"@type":"ListItem","position":2,"name":"Cambios de precios: 1 enero 2022"}]}]}},"_links":{"self":[{"href":"https:\/\/catgas.cat\/es\/wp-json\/wp\/v2\/pages\/41814"}],"collection":[{"href":"https:\/\/catgas.cat\/es\/wp-json\/wp\/v2\/pages"}],"about":[{"href":"https:\/\/catgas.cat\/es\/wp-json\/wp\/v2\/types\/page"}],"author":[{"embeddable":true,"href":"https:\/\/catgas.cat\/es\/wp-json\/wp\/v2\/users\/1"}],"replies":[{"embeddable":true,"href":"https:\/\/catgas.cat\/es\/wp-json\/wp\/v2\/comments?post=41814"}],"version-history":[{"count":28,"href":"https:\/\/catgas.cat\/es\/wp-json\/wp\/v2\/pages\/41814\/revisions"}],"predecessor-version":[{"id":65381,"href":"https:\/\/catgas.cat\/es\/wp-json\/wp\/v2\/pages\/41814\/revisions\/65381"}],"wp:attachment":[{"href":"https:\/\/catgas.cat\/es\/wp-json\/wp\/v2\/media?parent=41814"}],"wp:term":[{"taxonomy":"category","embeddable":true,"href":"https:\/\/catgas.cat\/es\/wp-json\/wp\/v2\/categories?post=41814"},{"taxonomy":"post_tag","embeddable":true,"href":"https:\/\/catgas.cat\/es\/wp-json\/wp\/v2\/tags?post=41814"},{"taxonomy":"section","embeddable":true,"href":"https:\/\/catgas.cat\/es\/wp-json\/wp\/v2\/section?post=41814"}],"curies":[{"name":"wp","href":"https:\/\/api.w.org\/{rel}","templated":true}]}}