{"id":2045,"date":"2019-06-11T16:52:09","date_gmt":"2019-06-11T14:52:09","guid":{"rendered":"http:\/\/catgas.cat\/?page_id=2045"},"modified":"2019-06-11T16:56:03","modified_gmt":"2019-06-11T14:56:03","slug":"cambios-contrato","status":"publish","type":"page","link":"https:\/\/catgas.cat\/es\/cambios-contrato\/","title":{"rendered":"Cambios contrato"},"content":{"rendered":"<p>[vc_row css_animation=&#8221;&#8221; row_type=&#8221;row&#8221; use_row_as_full_screen_section=&#8221;no&#8221; type=&#8221;grid&#8221; angled_section=&#8221;no&#8221; text_align=&#8221;left&#8221; background_image_as_pattern=&#8221;without_pattern&#8221; z_index=&#8221;&#8221;][vc_column width=&#8221;1\/3&#8243; el_class=&#8221;main-content&#8221;][vc_column_text el_class=&#8221;subtitle&#8221;]<\/p>\n<h2>C\u00f3mo realizar cambios en tus contratos<\/h2>\n<p>[\/vc_column_text][vc_column_text]Puedes realizar todas las modificaciones que necesites, pero ten en cuenta que, si solicitas un aumento o una bajada de potencia, posiblemente tenga que intervenir un t\u00e9cnico de la distribuidora, lo que supondr\u00e1 un coste a\u00f1adido.<\/p>\n<p>Si tienes dudas, puedes escribir un email a <a href=\"mailto:info@catgas.cat\">info@catgas.cat<\/a>.[\/vc_column_text][vc_column_text]<div class=\"query query-faqs_canvis_contracte-wrapper \">\n\t<div class=\"query-wrapper-content\">\n\t\t\n\t\t\n\t\t<div class=\"query-content\">\n\t\t\t<ul class=\"query-unformatted query-faqs_canvis_contracte\">\n\t\t\t<li class=\"query-row query-row-even query-row-0 query-row-first\">\n\n\t\t\t\t\t\t\t\t\t\t\t\t<div class=\"query-field query-field-post_title\">\n\t\t\t\t\t\tCambio de correo electr\u00f3nico\t\t\t\t\t<\/div>\n\t\t\t\t\t\t\t\t\t\t\t\t\t\t\t\t<div class=\"query-field query-field-post_content\">\n\t\t\t\t\t\t<!-- wp:list -->\r\n<ul>\r\n<li>Accede a tu <em><a href=\"https:\/\/oficinavirtual.catgas.cat\/\" target=\"_blank\" rel=\"noreferrer noopener\" aria-label=\"\u00c1rea de clientes (s'obre en una nova pestanya)\">\u00c1rea de clientes<\/a><\/em><\/li>\r\n<li>Entra en el apartado <em>Modificaci\u00f3n<\/em><\/li>\r\n<li>Selecciona <em>Datos de facturaci\u00f3n y env\u00edo<\/em><\/li>\r\n<li>Cambia el correo electr\u00f3nico y haz clic en Enviar<\/li>\r\n<li>La modificaci\u00f3n se har\u00e1 efectiva de forma instant\u00e1nea<\/li>\r\n<li>Tambi\u00e9n te podemos ayudar si nos llamas al 933 922 232<\/li>\r\n<\/ul>\r\n<!-- \/wp:list -->\t\t\t\t\t<\/div>\n\t\t\t\t\t\t\t\n\t\t<\/li>\n\t\t\t<li class=\"query-row query-row-odd query-row-1\">\n\n\t\t\t\t\t\t\t\t\t\t\t\t<div class=\"query-field query-field-post_title\">\n\t\t\t\t\t\tCambio de direcci\u00f3n de facturaci\u00f3n\t\t\t\t\t<\/div>\n\t\t\t\t\t\t\t\t\t\t\t\t\t\t\t\t<div class=\"query-field query-field-post_content\">\n\t\t\t\t\t\t<!-- wp:list -->\r\n<ul>\r\n<li>Accede a tu <em><a href=\"https:\/\/oficinavirtual.catgas.cat\/\" target=\"_blank\" rel=\"noreferrer noopener\" aria-label=\"\u00c1rea de clientes (s'obre en una nova pestanya)\">\u00c1rea de clientes<\/a><\/em><\/li>\r\n<li>Entra en el apartado <em>Modificaci\u00f3n<\/em><\/li>\r\n<li>Selecciona <em>Datos de facturaci\u00f3n y env\u00edo<\/em><\/li>\r\n<li>Cambia la direcci\u00f3n de facturaci\u00f3n y haz clic en Enviar<\/li>\r\n<li>La modificaci\u00f3n se har\u00e1 efectiva de forma instant\u00e1nea<\/li>\r\n<li>Tambi\u00e9n te podemos ayudar si nos llamas al 933 922 232<\/li>\r\n<\/ul>\r\n<!-- \/wp:list -->\t\t\t\t\t<\/div>\n\t\t\t\t\t\t\t\n\t\t<\/li>\n\t\t\t<li class=\"query-row query-row-even query-row-2\">\n\n\t\t\t\t\t\t\t\t\t\t\t\t<div class=\"query-field query-field-post_title\">\n\t\t\t\t\t\tCambio de cuenta corriente (domiciliaci\u00f3n bancaria)\t\t\t\t\t<\/div>\n\t\t\t\t\t\t\t\t\t\t\t\t\t\t\t\t<div class=\"query-field query-field-post_content\">\n\t\t\t\t\t\t<!-- wp:list -->\r\n<ul>\r\n<li>Accede a tu <em><a href=\"https:\/\/oficinavirtual.catgas.cat\/\" target=\"_blank\" rel=\"noreferrer noopener\">\u00c1rea de clientes<\/a><\/em><\/li>\r\n<li>Entra en el apartado <em>Modificaci\u00f3n<\/em><\/li>\r\n<li>Selecciona <em>Forma de pago y Datos bancarios<\/em><\/li>\r\n<li>Cambia la cuenta corriente (IBAN) y haz clic en Enviar<\/li>\r\n<li>La modificaci\u00f3n se har\u00e1 efectiva de forma instant\u00e1nea<\/li>\r\n<li>Tambi\u00e9n te podemos ayudar si nos llamas al 933 922 232<\/li>\r\n<\/ul>\r\n<!-- \/wp:list -->\t\t\t\t\t<\/div>\n\t\t\t\t\t\t\t\n\t\t<\/li>\n\t\t\t<li class=\"query-row query-row-odd query-row-3\">\n\n\t\t\t\t\t\t\t\t\t\t\t\t<div class=\"query-field query-field-post_title\">\n\t\t\t\t\t\tCambio del titular de la cuenta corriente\t\t\t\t\t<\/div>\n\t\t\t\t\t\t\t\t\t\t\t\t\t\t\t\t<div class=\"query-field query-field-post_content\">\n\t\t\t\t\t\t<!-- wp:list -->\r\n<ul>\r\n<li>Accede a tu <em><a href=\"https:\/\/oficinavirtual.catgas.cat\/\" target=\"_blank\" rel=\"noreferrer noopener\">\u00c1rea de clientes<\/a><\/em><\/li>\r\n<li>Entra en el apartado <em>Modificaci\u00f3n<\/em><\/li>\r\n<li>Selecciona <em>Forma de pago y Datos bancarios<\/em><\/li>\r\n<li>Cambia el titular de la cuenta corriente y haz clic en Enviar<\/li>\r\n<li>La modificaci\u00f3n se har\u00e1 efectiva de forma instant\u00e1nea<\/li>\r\n<li>Tambi\u00e9n te podemos ayudar si nos llamas al 933 922 232.<\/li>\r\n<\/ul>\r\n<!-- \/wp:list -->\t\t\t\t\t<\/div>\n\t\t\t\t\t\t\t\n\t\t<\/li>\n\t\t\t<li class=\"query-row query-row-even query-row-4\">\n\n\t\t\t\t\t\t\t\t\t\t\t\t<div class=\"query-field query-field-post_title\">\n\t\t\t\t\t\tCambio del titular del contrato\t\t\t\t\t<\/div>\n\t\t\t\t\t\t\t\t\t\t\t\t\t\t\t\t<div class=\"query-field query-field-post_content\">\n\t\t\t\t\t\t<!-- wp:paragraph -->\n<p>En primer lugar, es recomendable que los contratos (tanto\nde luz como de gas) est\u00e9n a nombre del titular del punto de suministro. Para realizar\nel cambio, debes tener en cuenta lo siguiente:<\/p>\n<!-- \/wp:paragraph -->\n\n<!-- wp:list -->\n<ul><li>Debe solicitar el cambio <strong>el nuevo titular<\/strong>, ya que es quien se har\u00e1 cargo de las nuevas facturas y ser\u00e1 responsable de estas.<\/li><li>Catgas nunca cobra por realizar este cambio.<\/li><\/ul>\n<!-- \/wp:list -->\n\n<!-- wp:paragraph -->\n<p>Teniendo en cuenta los puntos anteriores, ll\u00e1manos al <strong>tel\u00e9fono 933 922 232<\/strong> y te ayudaremos a efectuar el cambio. Te pediremos que nos facilites los siguientes datos: <\/p>\n<!-- \/wp:paragraph -->\n\n<!-- wp:list -->\n<ul><li>Nombre completo, DNI, tel\u00e9fono m\u00f3vil y correo electr\u00f3nico<\/li><li>Direcci\u00f3n de suministro (direcci\u00f3n f\u00edsica o c\u00f3digo CUPS)<\/li><li>Cuenta corriente de domiciliaci\u00f3n (IBAN: 20 d\u00edgitos)<\/li><\/ul>\n<!-- \/wp:list -->\t\t\t\t\t<\/div>\n\t\t\t\t\t\t\t\n\t\t<\/li>\n\t\t\t<li class=\"query-row query-row-odd query-row-5 query-row-last\">\n\n\t\t\t\t\t\t\t\t\t\t\t\t<div class=\"query-field query-field-post_title\">\n\t\t\t\t\t\tCambio de direcci\u00f3n de suministro\t\t\t\t\t<\/div>\n\t\t\t\t\t\t\t\t\t\t\t\t\t\t\t\t<div class=\"query-field query-field-post_content\">\n\t\t\t\t\t\t<!-- wp:paragraph -->\n<p>Todo cambio en la direcci\u00f3n de suministro implica cambiar el punto de suministro, lo cual puede suponer <a href=\"\/es\/dar-de-alta-el-gas\/\">un alta nueva, ya sea en el contrato del gas<\/a> o en el <a href=\"\/es\/dar-de-alta-la-luz\/\">contrato de la luz<\/a>.<\/p>\n<!-- \/wp:paragraph -->\n\n<!-- wp:paragraph -->\n<p>Si la luz y\/o el gas ya est\u00e1n dados de alta, estar\u00e1s llevando a cabo el cambio de titular de la l\u00ednea y quiz\u00e1s un cambio de compa\u00f1\u00eda comercializadora. <\/p>\n<!-- \/wp:paragraph -->\t\t\t\t\t<\/div>\n\t\t\t\t\t\t\t\n\t\t<\/li>\n\t<\/ul>\t\t\t\t\t<\/div>\n\n\t\t\t<\/div>\n<\/div>[\/vc_column_text][\/vc_column][vc_column width=&#8221;2\/12&#8243;][\/vc_column][vc_column width=&#8221;6\/12&#8243;][vc_single_image image=&#8221;328&#8243; img_size=&#8221;full&#8221; qode_css_animation=&#8221;&#8221; el_class=&#8221;colored-borders&#8221;][\/vc_column][\/vc_row]<\/p>\n","protected":false},"excerpt":{"rendered":"<p>[vc_row css_animation=&#8221;&#8221; row_type=&#8221;row&#8221; use_row_as_full_screen_section=&#8221;no&#8221; type=&#8221;grid&#8221; angled_section=&#8221;no&#8221; text_align=&#8221;left&#8221; background_image_as_pattern=&#8221;without_pattern&#8221; z_index=&#8221;&#8221;][vc_column width=&#8221;1\/3&#8243; el_class=&#8221;main-content&#8221;][vc_column_text el_class=&#8221;subtitle&#8221;] C\u00f3mo realizar cambios en tus contratos [\/vc_column_text][vc_column_text]Puedes realizar todas las modificaciones que necesites, pero ten en cuenta que, si solicitas un aumento o una bajada de potencia, posiblemente tenga que intervenir un t\u00e9cnico&#8230;<\/p>\n","protected":false},"author":1,"featured_media":0,"parent":0,"menu_order":0,"comment_status":"closed","ping_status":"closed","template":"full_width.php","meta":[],"categories":[],"tags":[],"section":[],"yoast_head":"<!-- This site is optimized with the Yoast SEO plugin v17.2.1 - https:\/\/yoast.com\/wordpress\/plugins\/seo\/ -->\n<meta name=\"robots\" content=\"index, follow, max-snippet:-1, max-image-preview:large, max-video-preview:-1\" \/>\n<link rel=\"canonical\" href=\"https:\/\/catgas.cat\/es\/cambios-contrato\/\" \/>\n<meta property=\"og:locale\" content=\"es_ES\" \/>\n<meta property=\"og:type\" content=\"article\" \/>\n<meta property=\"og:title\" content=\"Cambios contrato - Catgas\" \/>\n<meta property=\"og:description\" content=\"[vc_row css_animation=&#8221;&#8221; row_type=&#8221;row&#8221; use_row_as_full_screen_section=&#8221;no&#8221; type=&#8221;grid&#8221; angled_section=&#8221;no&#8221; text_align=&#8221;left&#8221; background_image_as_pattern=&#8221;without_pattern&#8221; z_index=&#8221;&#8221;][vc_column width=&#8221;1\/3&#8243; el_class=&#8221;main-content&#8221;][vc_column_text el_class=&#8221;subtitle&#8221;] C\u00f3mo realizar cambios en tus contratos [\/vc_column_text][vc_column_text]Puedes realizar todas las modificaciones que necesites, pero ten en cuenta que, si solicitas un aumento o una bajada de potencia, posiblemente tenga que intervenir un t\u00e9cnico...\" \/>\n<meta property=\"og:url\" content=\"https:\/\/catgas.cat\/es\/cambios-contrato\/\" \/>\n<meta property=\"og:site_name\" content=\"Catgas\" \/>\n<meta property=\"article:modified_time\" content=\"2019-06-11T14:56:03+00:00\" \/>\n<meta property=\"og:image\" content=\"https:\/\/catgas.cat\/wp-content\/uploads\/2019\/03\/CG_Web_Thumbnail_100.jpg\" \/>\n\t<meta property=\"og:image:width\" content=\"600\" \/>\n\t<meta property=\"og:image:height\" content=\"600\" \/>\n<meta name=\"twitter:card\" content=\"summary_large_image\" \/>\n<meta name=\"twitter:label1\" content=\"Temps estimat de lectura\" \/>\n\t<meta name=\"twitter:data1\" content=\"1 minute\" \/>\n<script type=\"application\/ld+json\" class=\"yoast-schema-graph\">{\"@context\":\"https:\/\/schema.org\",\"@graph\":[{\"@type\":\"Organization\",\"@id\":\"https:\/\/catgas.cat\/#organization\",\"name\":\"Catgas Energia\",\"url\":\"https:\/\/catgas.cat\/\",\"sameAs\":[],\"logo\":{\"@type\":\"ImageObject\",\"@id\":\"https:\/\/catgas.cat\/#logo\",\"inLanguage\":\"es\",\"url\":\"https:\/\/catgas.cat\/wp-content\/uploads\/2019\/02\/logo-catgas.png\",\"contentUrl\":\"https:\/\/catgas.cat\/wp-content\/uploads\/2019\/02\/logo-catgas.png\",\"width\":264,\"height\":90,\"caption\":\"Catgas Energia\"},\"image\":{\"@id\":\"https:\/\/catgas.cat\/#logo\"}},{\"@type\":\"WebSite\",\"@id\":\"https:\/\/catgas.cat\/#website\",\"url\":\"https:\/\/catgas.cat\/\",\"name\":\"Catgas\",\"description\":\"\",\"publisher\":{\"@id\":\"https:\/\/catgas.cat\/#organization\"},\"potentialAction\":[{\"@type\":\"SearchAction\",\"target\":{\"@type\":\"EntryPoint\",\"urlTemplate\":\"https:\/\/catgas.cat\/?s={search_term_string}\"},\"query-input\":\"required name=search_term_string\"}],\"inLanguage\":\"es\"},{\"@type\":\"WebPage\",\"@id\":\"https:\/\/catgas.cat\/es\/cambios-contrato\/#webpage\",\"url\":\"https:\/\/catgas.cat\/es\/cambios-contrato\/\",\"name\":\"Cambios contrato - Catgas\",\"isPartOf\":{\"@id\":\"https:\/\/catgas.cat\/#website\"},\"datePublished\":\"2019-06-11T14:52:09+00:00\",\"dateModified\":\"2019-06-11T14:56:03+00:00\",\"breadcrumb\":{\"@id\":\"https:\/\/catgas.cat\/es\/cambios-contrato\/#breadcrumb\"},\"inLanguage\":\"es\",\"potentialAction\":[{\"@type\":\"ReadAction\",\"target\":[\"https:\/\/catgas.cat\/es\/cambios-contrato\/\"]}]},{\"@type\":\"BreadcrumbList\",\"@id\":\"https:\/\/catgas.cat\/es\/cambios-contrato\/#breadcrumb\",\"itemListElement\":[{\"@type\":\"ListItem\",\"position\":1,\"name\":\"Inici\",\"item\":\"https:\/\/catgas.cat\/es\/\"},{\"@type\":\"ListItem\",\"position\":2,\"name\":\"Cambios contrato\"}]}]}<\/script>\n<!-- \/ Yoast SEO plugin. -->","yoast_head_json":{"robots":{"index":"index","follow":"follow","max-snippet":"max-snippet:-1","max-image-preview":"max-image-preview:large","max-video-preview":"max-video-preview:-1"},"canonical":"https:\/\/catgas.cat\/es\/cambios-contrato\/","og_locale":"es_ES","og_type":"article","og_title":"Cambios contrato - Catgas","og_description":"[vc_row css_animation=&#8221;&#8221; row_type=&#8221;row&#8221; use_row_as_full_screen_section=&#8221;no&#8221; type=&#8221;grid&#8221; angled_section=&#8221;no&#8221; text_align=&#8221;left&#8221; background_image_as_pattern=&#8221;without_pattern&#8221; z_index=&#8221;&#8221;][vc_column width=&#8221;1\/3&#8243; el_class=&#8221;main-content&#8221;][vc_column_text el_class=&#8221;subtitle&#8221;] C\u00f3mo realizar cambios en tus contratos [\/vc_column_text][vc_column_text]Puedes realizar todas las modificaciones que necesites, pero ten en cuenta que, si solicitas un aumento o una bajada de potencia, posiblemente tenga que intervenir un t\u00e9cnico...","og_url":"https:\/\/catgas.cat\/es\/cambios-contrato\/","og_site_name":"Catgas","article_modified_time":"2019-06-11T14:56:03+00:00","og_image":[{"width":600,"height":600,"url":"https:\/\/catgas.cat\/wp-content\/uploads\/2019\/03\/CG_Web_Thumbnail_100.jpg","path":"\/home\/catgasca\/public_html\/wp-content\/uploads\/2019\/03\/CG_Web_Thumbnail_100.jpg","size":"full","id":880,"alt":"","pixels":360000,"type":"image\/jpeg"}],"twitter_card":"summary_large_image","twitter_misc":{"Temps estimat de lectura":"1 minute"},"schema":{"@context":"https:\/\/schema.org","@graph":[{"@type":"Organization","@id":"https:\/\/catgas.cat\/#organization","name":"Catgas Energia","url":"https:\/\/catgas.cat\/","sameAs":[],"logo":{"@type":"ImageObject","@id":"https:\/\/catgas.cat\/#logo","inLanguage":"es","url":"https:\/\/catgas.cat\/wp-content\/uploads\/2019\/02\/logo-catgas.png","contentUrl":"https:\/\/catgas.cat\/wp-content\/uploads\/2019\/02\/logo-catgas.png","width":264,"height":90,"caption":"Catgas Energia"},"image":{"@id":"https:\/\/catgas.cat\/#logo"}},{"@type":"WebSite","@id":"https:\/\/catgas.cat\/#website","url":"https:\/\/catgas.cat\/","name":"Catgas","description":"","publisher":{"@id":"https:\/\/catgas.cat\/#organization"},"potentialAction":[{"@type":"SearchAction","target":{"@type":"EntryPoint","urlTemplate":"https:\/\/catgas.cat\/?s={search_term_string}"},"query-input":"required name=search_term_string"}],"inLanguage":"es"},{"@type":"WebPage","@id":"https:\/\/catgas.cat\/es\/cambios-contrato\/#webpage","url":"https:\/\/catgas.cat\/es\/cambios-contrato\/","name":"Cambios contrato - Catgas","isPartOf":{"@id":"https:\/\/catgas.cat\/#website"},"datePublished":"2019-06-11T14:52:09+00:00","dateModified":"2019-06-11T14:56:03+00:00","breadcrumb":{"@id":"https:\/\/catgas.cat\/es\/cambios-contrato\/#breadcrumb"},"inLanguage":"es","potentialAction":[{"@type":"ReadAction","target":["https:\/\/catgas.cat\/es\/cambios-contrato\/"]}]},{"@type":"BreadcrumbList","@id":"https:\/\/catgas.cat\/es\/cambios-contrato\/#breadcrumb","itemListElement":[{"@type":"ListItem","position":1,"name":"Inici","item":"https:\/\/catgas.cat\/es\/"},{"@type":"ListItem","position":2,"name":"Cambios contrato"}]}]}},"_links":{"self":[{"href":"https:\/\/catgas.cat\/es\/wp-json\/wp\/v2\/pages\/2045"}],"collection":[{"href":"https:\/\/catgas.cat\/es\/wp-json\/wp\/v2\/pages"}],"about":[{"href":"https:\/\/catgas.cat\/es\/wp-json\/wp\/v2\/types\/page"}],"author":[{"embeddable":true,"href":"https:\/\/catgas.cat\/es\/wp-json\/wp\/v2\/users\/1"}],"replies":[{"embeddable":true,"href":"https:\/\/catgas.cat\/es\/wp-json\/wp\/v2\/comments?post=2045"}],"version-history":[{"count":3,"href":"https:\/\/catgas.cat\/es\/wp-json\/wp\/v2\/pages\/2045\/revisions"}],"predecessor-version":[{"id":2049,"href":"https:\/\/catgas.cat\/es\/wp-json\/wp\/v2\/pages\/2045\/revisions\/2049"}],"wp:attachment":[{"href":"https:\/\/catgas.cat\/es\/wp-json\/wp\/v2\/media?parent=2045"}],"wp:term":[{"taxonomy":"category","embeddable":true,"href":"https:\/\/catgas.cat\/es\/wp-json\/wp\/v2\/categories?post=2045"},{"taxonomy":"post_tag","embeddable":true,"href":"https:\/\/catgas.cat\/es\/wp-json\/wp\/v2\/tags?post=2045"},{"taxonomy":"section","embeddable":true,"href":"https:\/\/catgas.cat\/es\/wp-json\/wp\/v2\/section?post=2045"}],"curies":[{"name":"wp","href":"https:\/\/api.w.org\/{rel}","templated":true}]}}