{"id":2022,"date":"2019-06-11T13:40:00","date_gmt":"2019-06-11T11:40:00","guid":{"rendered":"http:\/\/catgas.cat\/?page_id=2022"},"modified":"2025-12-17T17:54:23","modified_gmt":"2025-12-17T15:54:23","slug":"gestion-de-facturas","status":"publish","type":"page","link":"https:\/\/catgas.cat\/es\/gestion-de-facturas\/","title":{"rendered":"Gesti\u00f3n de facturas"},"content":{"rendered":"<p>[vc_row css_animation=&#8221;&#8221; row_type=&#8221;row&#8221; use_row_as_full_screen_section=&#8221;no&#8221; type=&#8221;grid&#8221; angled_section=&#8221;no&#8221; text_align=&#8221;left&#8221; background_image_as_pattern=&#8221;without_pattern&#8221; z_index=&#8221;&#8221; el_class=&#8221;content-top-section&#8221;][vc_column width=&#8221;1\/3&#8243;][vc_column_text el_class=&#8221;subtitle&#8221;]<\/p>\n<h2>C\u00f3mo gestionar las facturas o recibirlas en el correo electr\u00f3nico.<\/h2>\n<p>[\/vc_column_text][vc_column_text]Como cliente de Catgas recibir\u00e1s las claves para acceder a tu <a href=\"https:\/\/oficinavirtual.catgas.cat\/\" target=\"_blank\" rel=\"noopener noreferrer\">\u00c1rea de cliente<\/a>, desde donde podr\u00e1s gestionar f\u00e1cilmente tus facturas, entre otras cosas.[\/vc_column_text][\/vc_column][vc_column width=&#8221;2\/3&#8243;][\/vc_column][\/vc_row][vc_row css_animation=&#8221;&#8221; row_type=&#8221;row&#8221; use_row_as_full_screen_section=&#8221;no&#8221; type=&#8221;grid&#8221; angled_section=&#8221;no&#8221; text_align=&#8221;left&#8221; background_image_as_pattern=&#8221;without_pattern&#8221; z_index=&#8221;&#8221;][vc_column width=&#8221;1\/3&#8243; el_class=&#8221;sidebar-left&#8221;][vc_column_text]Si ya eres cliente, pero solo quieres <strong>recibir las facturas directamente en tu correo electr\u00f3nico*<\/strong>, solo tienes que enviarnos este formulario:[\/vc_column_text][\/vc_column][vc_column width=&#8221;2\/3&#8243; el_class=&#8221;main-content&#8221;][vc_column_text]<form class=\"af-form acf-form\" method=\"POST\" action=\"https:\/\/catgas.cat\/es\/wp-json\/wp\/v2\/pages\/2022\" id=\"form_5cb846e03269b\" data-key=\"form_5cb846e03269b\"><div class=\"af-fields acf-fields acf-form-fields -top\">\t<div id=\"acf-form-data\" class=\"acf-hidden\">\n\t\t<input type=\"hidden\" id=\"_acf_screen\" name=\"_acf_screen\" value=\"acf_form\"\/><input type=\"hidden\" id=\"_acf_post_id\" name=\"_acf_post_id\" value=\"0\"\/><input type=\"hidden\" id=\"_acf_validation\" name=\"_acf_validation\" value=\"1\"\/><input type=\"hidden\" id=\"_acf_form\" name=\"_acf_form\" value=\"0\"\/><input type=\"hidden\" id=\"_acf_nonce\" name=\"_acf_nonce\" value=\"19a87d8ba8\"\/><input type=\"hidden\" id=\"_acf_changed\" name=\"_acf_changed\" value=\"0\"\/>\t<\/div>\n\t<div class=\"acf-hidden\"><input type=\"hidden\" name=\"_acfnonce\" value=\"df56974b3e\"><input type=\"hidden\" name=\"nonce\" value=\"df56974b3e\"><input type=\"hidden\" name=\"af_form\" value=\"form_5cb846e03269b\"><input type=\"hidden\" name=\"af_form_args\" value=\"eyJhamF4IjpmYWxzZSwiZGlzcGxheV90aXRsZSI6ZmFsc2UsImRpc3BsYXlfZGVzY3JpcHRpb24iOmZhbHNlLCJpZCI6ImZvcm1fNWNiODQ2ZTAzMjY5YiIsInZhbHVlcyI6W10sInN1Ym1pdF90ZXh0IjoiRW52aWFyIiwicmVkaXJlY3QiOm51bGwsInRhcmdldCI6Imh0dHBzOlwvXC9jYXRnYXMuY2F0XC9lc1wvd3AtanNvblwvd3BcL3YyXC9wYWdlc1wvMjAyMiIsImVjaG8iOnRydWUsImV4Y2x1ZGVfZmllbGRzIjpbXSwidXBsb2FkZXIiOiJ3cCIsImZpbHRlcl9tb2RlIjpmYWxzZSwibGFiZWxfcGxhY2VtZW50IjoidG9wIiwiaW5zdHJ1Y3Rpb25fcGxhY2VtZW50IjoibGFiZWwiLCJob25leXBvdCI6dHJ1ZX0=\"><input type=\"hidden\" name=\"_acf_form\" value=\"eyJhamF4IjpmYWxzZSwiZGlzcGxheV90aXRsZSI6ZmFsc2UsImRpc3BsYXlfZGVzY3JpcHRpb24iOmZhbHNlLCJpZCI6ImZvcm1fNWNiODQ2ZTAzMjY5YiIsInZhbHVlcyI6W10sInN1Ym1pdF90ZXh0IjoiRW52aWFyIiwicmVkaXJlY3QiOm51bGwsInRhcmdldCI6Imh0dHBzOlwvXC9jYXRnYXMuY2F0XC9lc1wvd3AtanNvblwvd3BcL3YyXC9wYWdlc1wvMjAyMiIsImVjaG8iOnRydWUsImV4Y2x1ZGVfZmllbGRzIjpbXSwidXBsb2FkZXIiOiJ3cCIsImZpbHRlcl9tb2RlIjpmYWxzZSwibGFiZWxfcGxhY2VtZW50IjoidG9wIiwiaW5zdHJ1Y3Rpb25fcGxhY2VtZW50IjoibGFiZWwiLCJob25leXBvdCI6dHJ1ZX0=\"><input type=\"hidden\" name=\"af_form_nonce\" value=\"9dd2bc0405\"><input type=\"text\" name=\"email_for_non_humans\" tabindex=\"-1\" autocomplete=\"off\" \/><input type=\"hidden\" name=\"af_origin_url\" value=\"https:\/\/catgas.cat\/es\/wp-json\/wp\/v2\/pages\/2022\" \/><\/div><div id=\"\" class=\"af-field af-field-type-text af-field-firstname acf-field acf-field-text acf-field-5cb83edd05458 af-field-required\" data-name=\"firstname\" data-key=\"field_5cb83edd05458\" data-type=\"text\"><div class=\"af-label acf-label\"><label for=\"acf-field_5cb83edd05458\">Nom <span class=\"acf-required\">*<\/span><\/label><\/div><div class=\"af-input acf-input\"><div class=\"acf-input-wrap\"><input type=\"text\" id=\"acf-field_5cb83edd05458\" name=\"acf[field_5cb83edd05458]\" required=\"required\"\/><\/div><\/div><\/div><div id=\"\" class=\"af-field af-field-type-text af-field-lastname acf-field acf-field-text acf-field-5cb83ee805459 af-field-required\" data-name=\"lastname\" data-key=\"field_5cb83ee805459\" data-type=\"text\"><div class=\"af-label acf-label\"><label for=\"acf-field_5cb83ee805459\">Cognoms <span class=\"acf-required\">*<\/span><\/label><\/div><div class=\"af-input acf-input\"><div class=\"acf-input-wrap\"><input type=\"text\" id=\"acf-field_5cb83ee805459\" name=\"acf[field_5cb83ee805459]\" required=\"required\"\/><\/div><\/div><\/div><div id=\"\" class=\"af-field af-field-type-text af-field-dni-cif-nie acf-field acf-field-text acf-field-5cb83ef40545a af-field-required\" data-name=\"dni_cif_nie\" data-key=\"field_5cb83ef40545a\" data-type=\"text\"><div class=\"af-label acf-label\"><label for=\"acf-field_5cb83ef40545a\">DNI \/ CIF \/ NIE <span class=\"acf-required\">*<\/span><\/label><\/div><div class=\"af-input acf-input\"><div class=\"acf-input-wrap\"><input type=\"text\" id=\"acf-field_5cb83ef40545a\" name=\"acf[field_5cb83ef40545a]\" required=\"required\"\/><\/div><\/div><\/div><div id=\"\" class=\"af-field af-field-type-email af-field-email acf-field acf-field-email acf-field-5cb83f040545b af-field-required\" data-name=\"email\" data-key=\"field_5cb83f040545b\" data-type=\"email\"><div class=\"af-label acf-label\"><label for=\"acf-field_5cb83f040545b\">Correu electr\u00f2nic <span class=\"acf-required\">*<\/span><\/label><\/div><div class=\"af-input acf-input\"><div class=\"acf-input-wrap\"><input type=\"email\" id=\"acf-field_5cb83f040545b\" name=\"acf[field_5cb83f040545b]\" required=\"required\"\/><\/div><\/div><\/div><div class=\"af-submit acf-form-submit\"><button type=\"submit\" class=\"acf-button af-submit-button\">Enviar<\/button><span class=\"acf-spinner af-spinner\"><\/span><\/div><\/div><\/form>[\/vc_column_text][\/vc_column][\/vc_row][vc_row css_animation=&#8221;&#8221; row_type=&#8221;row&#8221; use_row_as_full_screen_section=&#8221;no&#8221; type=&#8221;grid&#8221; angled_section=&#8221;no&#8221; text_align=&#8221;left&#8221; background_image_as_pattern=&#8221;without_pattern&#8221; z_index=&#8221;&#8221;][vc_column width=&#8221;1\/3&#8243;][vc_column_text el_class=&#8221;asterisk-text&#8221;]*En breve recibir\u00e1s una notificaci\u00f3n al correo electr\u00f3nico que nos has dado para informarte de que tu orden ha sido activada.[\/vc_column_text][\/vc_column][vc_column width=&#8221;2\/3&#8243;][\/vc_column][\/vc_row]<\/p>\n","protected":false},"excerpt":{"rendered":"<p>[vc_row css_animation=&#8221;&#8221; row_type=&#8221;row&#8221; use_row_as_full_screen_section=&#8221;no&#8221; type=&#8221;grid&#8221; angled_section=&#8221;no&#8221; text_align=&#8221;left&#8221; background_image_as_pattern=&#8221;without_pattern&#8221; z_index=&#8221;&#8221; el_class=&#8221;content-top-section&#8221;][vc_column width=&#8221;1\/3&#8243;][vc_column_text el_class=&#8221;subtitle&#8221;] C\u00f3mo gestionar las facturas o recibirlas en el correo electr\u00f3nico. [\/vc_column_text][vc_column_text]Como cliente de Catgas recibir\u00e1s las claves para acceder a tu \u00c1rea de cliente, desde donde podr\u00e1s gestionar f\u00e1cilmente tus facturas, entre otras&#8230;<\/p>\n","protected":false},"author":1,"featured_media":0,"parent":0,"menu_order":0,"comment_status":"closed","ping_status":"closed","template":"full_width.php","meta":[],"categories":[],"tags":[],"section":[106],"yoast_head":"<!-- This site is optimized with the Yoast SEO plugin v17.2.1 - https:\/\/yoast.com\/wordpress\/plugins\/seo\/ -->\n<meta name=\"robots\" content=\"index, follow, max-snippet:-1, max-image-preview:large, max-video-preview:-1\" \/>\n<link rel=\"canonical\" href=\"https:\/\/catgas.cat\/es\/gestion-de-facturas\/\" \/>\n<meta property=\"og:locale\" content=\"es_ES\" \/>\n<meta property=\"og:type\" content=\"article\" \/>\n<meta property=\"og:title\" content=\"Gesti\u00f3n de facturas - Catgas\" \/>\n<meta property=\"og:description\" content=\"[vc_row css_animation=&#8221;&#8221; row_type=&#8221;row&#8221; use_row_as_full_screen_section=&#8221;no&#8221; type=&#8221;grid&#8221; angled_section=&#8221;no&#8221; text_align=&#8221;left&#8221; background_image_as_pattern=&#8221;without_pattern&#8221; z_index=&#8221;&#8221; el_class=&#8221;content-top-section&#8221;][vc_column width=&#8221;1\/3&#8243;][vc_column_text el_class=&#8221;subtitle&#8221;] C\u00f3mo gestionar las facturas o recibirlas en el correo electr\u00f3nico. [\/vc_column_text][vc_column_text]Como cliente de Catgas recibir\u00e1s las claves para acceder a tu \u00c1rea de cliente, desde donde podr\u00e1s gestionar f\u00e1cilmente tus facturas, entre otras...\" \/>\n<meta property=\"og:url\" content=\"https:\/\/catgas.cat\/es\/gestion-de-facturas\/\" \/>\n<meta property=\"og:site_name\" content=\"Catgas\" \/>\n<meta property=\"article:modified_time\" content=\"2025-12-17T15:54:23+00:00\" \/>\n<meta property=\"og:image\" content=\"https:\/\/catgas.cat\/wp-content\/uploads\/2019\/03\/CG_Web_Thumbnail_100.jpg\" \/>\n\t<meta property=\"og:image:width\" content=\"600\" \/>\n\t<meta property=\"og:image:height\" content=\"600\" \/>\n<meta name=\"twitter:card\" content=\"summary_large_image\" \/>\n<meta name=\"twitter:label1\" content=\"Temps estimat de lectura\" \/>\n\t<meta name=\"twitter:data1\" content=\"1 minute\" \/>\n<script type=\"application\/ld+json\" class=\"yoast-schema-graph\">{\"@context\":\"https:\/\/schema.org\",\"@graph\":[{\"@type\":\"Organization\",\"@id\":\"https:\/\/catgas.cat\/#organization\",\"name\":\"Catgas Energia\",\"url\":\"https:\/\/catgas.cat\/\",\"sameAs\":[],\"logo\":{\"@type\":\"ImageObject\",\"@id\":\"https:\/\/catgas.cat\/#logo\",\"inLanguage\":\"es\",\"url\":\"https:\/\/catgas.cat\/wp-content\/uploads\/2019\/02\/logo-catgas.png\",\"contentUrl\":\"https:\/\/catgas.cat\/wp-content\/uploads\/2019\/02\/logo-catgas.png\",\"width\":264,\"height\":90,\"caption\":\"Catgas Energia\"},\"image\":{\"@id\":\"https:\/\/catgas.cat\/#logo\"}},{\"@type\":\"WebSite\",\"@id\":\"https:\/\/catgas.cat\/#website\",\"url\":\"https:\/\/catgas.cat\/\",\"name\":\"Catgas\",\"description\":\"\",\"publisher\":{\"@id\":\"https:\/\/catgas.cat\/#organization\"},\"potentialAction\":[{\"@type\":\"SearchAction\",\"target\":{\"@type\":\"EntryPoint\",\"urlTemplate\":\"https:\/\/catgas.cat\/?s={search_term_string}\"},\"query-input\":\"required name=search_term_string\"}],\"inLanguage\":\"es\"},{\"@type\":\"WebPage\",\"@id\":\"https:\/\/catgas.cat\/es\/gestion-de-facturas\/#webpage\",\"url\":\"https:\/\/catgas.cat\/es\/gestion-de-facturas\/\",\"name\":\"Gesti\\u00f3n de facturas - Catgas\",\"isPartOf\":{\"@id\":\"https:\/\/catgas.cat\/#website\"},\"datePublished\":\"2019-06-11T11:40:00+00:00\",\"dateModified\":\"2025-12-17T15:54:23+00:00\",\"breadcrumb\":{\"@id\":\"https:\/\/catgas.cat\/es\/gestion-de-facturas\/#breadcrumb\"},\"inLanguage\":\"es\",\"potentialAction\":[{\"@type\":\"ReadAction\",\"target\":[\"https:\/\/catgas.cat\/es\/gestion-de-facturas\/\"]}]},{\"@type\":\"BreadcrumbList\",\"@id\":\"https:\/\/catgas.cat\/es\/gestion-de-facturas\/#breadcrumb\",\"itemListElement\":[{\"@type\":\"ListItem\",\"position\":1,\"name\":\"Inici\",\"item\":\"https:\/\/catgas.cat\/es\/\"},{\"@type\":\"ListItem\",\"position\":2,\"name\":\"Gesti\\u00f3n de facturas\"}]}]}<\/script>\n<!-- \/ Yoast SEO plugin. -->","yoast_head_json":{"robots":{"index":"index","follow":"follow","max-snippet":"max-snippet:-1","max-image-preview":"max-image-preview:large","max-video-preview":"max-video-preview:-1"},"canonical":"https:\/\/catgas.cat\/es\/gestion-de-facturas\/","og_locale":"es_ES","og_type":"article","og_title":"Gesti\u00f3n de facturas - Catgas","og_description":"[vc_row css_animation=&#8221;&#8221; row_type=&#8221;row&#8221; use_row_as_full_screen_section=&#8221;no&#8221; type=&#8221;grid&#8221; angled_section=&#8221;no&#8221; text_align=&#8221;left&#8221; background_image_as_pattern=&#8221;without_pattern&#8221; z_index=&#8221;&#8221; el_class=&#8221;content-top-section&#8221;][vc_column width=&#8221;1\/3&#8243;][vc_column_text el_class=&#8221;subtitle&#8221;] C\u00f3mo gestionar las facturas o recibirlas en el correo electr\u00f3nico. [\/vc_column_text][vc_column_text]Como cliente de Catgas recibir\u00e1s las claves para acceder a tu \u00c1rea de cliente, desde donde podr\u00e1s gestionar f\u00e1cilmente tus facturas, entre otras...","og_url":"https:\/\/catgas.cat\/es\/gestion-de-facturas\/","og_site_name":"Catgas","article_modified_time":"2025-12-17T15:54:23+00:00","og_image":[{"width":600,"height":600,"url":"https:\/\/catgas.cat\/wp-content\/uploads\/2019\/03\/CG_Web_Thumbnail_100.jpg","path":"\/home\/catgasca\/public_html\/wp-content\/uploads\/2019\/03\/CG_Web_Thumbnail_100.jpg","size":"full","id":880,"alt":"","pixels":360000,"type":"image\/jpeg"}],"twitter_card":"summary_large_image","twitter_misc":{"Temps estimat de lectura":"1 minute"},"schema":{"@context":"https:\/\/schema.org","@graph":[{"@type":"Organization","@id":"https:\/\/catgas.cat\/#organization","name":"Catgas Energia","url":"https:\/\/catgas.cat\/","sameAs":[],"logo":{"@type":"ImageObject","@id":"https:\/\/catgas.cat\/#logo","inLanguage":"es","url":"https:\/\/catgas.cat\/wp-content\/uploads\/2019\/02\/logo-catgas.png","contentUrl":"https:\/\/catgas.cat\/wp-content\/uploads\/2019\/02\/logo-catgas.png","width":264,"height":90,"caption":"Catgas Energia"},"image":{"@id":"https:\/\/catgas.cat\/#logo"}},{"@type":"WebSite","@id":"https:\/\/catgas.cat\/#website","url":"https:\/\/catgas.cat\/","name":"Catgas","description":"","publisher":{"@id":"https:\/\/catgas.cat\/#organization"},"potentialAction":[{"@type":"SearchAction","target":{"@type":"EntryPoint","urlTemplate":"https:\/\/catgas.cat\/?s={search_term_string}"},"query-input":"required name=search_term_string"}],"inLanguage":"es"},{"@type":"WebPage","@id":"https:\/\/catgas.cat\/es\/gestion-de-facturas\/#webpage","url":"https:\/\/catgas.cat\/es\/gestion-de-facturas\/","name":"Gesti\u00f3n de facturas - Catgas","isPartOf":{"@id":"https:\/\/catgas.cat\/#website"},"datePublished":"2019-06-11T11:40:00+00:00","dateModified":"2025-12-17T15:54:23+00:00","breadcrumb":{"@id":"https:\/\/catgas.cat\/es\/gestion-de-facturas\/#breadcrumb"},"inLanguage":"es","potentialAction":[{"@type":"ReadAction","target":["https:\/\/catgas.cat\/es\/gestion-de-facturas\/"]}]},{"@type":"BreadcrumbList","@id":"https:\/\/catgas.cat\/es\/gestion-de-facturas\/#breadcrumb","itemListElement":[{"@type":"ListItem","position":1,"name":"Inici","item":"https:\/\/catgas.cat\/es\/"},{"@type":"ListItem","position":2,"name":"Gesti\u00f3n de facturas"}]}]}},"_links":{"self":[{"href":"https:\/\/catgas.cat\/es\/wp-json\/wp\/v2\/pages\/2022"}],"collection":[{"href":"https:\/\/catgas.cat\/es\/wp-json\/wp\/v2\/pages"}],"about":[{"href":"https:\/\/catgas.cat\/es\/wp-json\/wp\/v2\/types\/page"}],"author":[{"embeddable":true,"href":"https:\/\/catgas.cat\/es\/wp-json\/wp\/v2\/users\/1"}],"replies":[{"embeddable":true,"href":"https:\/\/catgas.cat\/es\/wp-json\/wp\/v2\/comments?post=2022"}],"version-history":[{"count":4,"href":"https:\/\/catgas.cat\/es\/wp-json\/wp\/v2\/pages\/2022\/revisions"}],"predecessor-version":[{"id":93693,"href":"https:\/\/catgas.cat\/es\/wp-json\/wp\/v2\/pages\/2022\/revisions\/93693"}],"wp:attachment":[{"href":"https:\/\/catgas.cat\/es\/wp-json\/wp\/v2\/media?parent=2022"}],"wp:term":[{"taxonomy":"category","embeddable":true,"href":"https:\/\/catgas.cat\/es\/wp-json\/wp\/v2\/categories?post=2022"},{"taxonomy":"post_tag","embeddable":true,"href":"https:\/\/catgas.cat\/es\/wp-json\/wp\/v2\/tags?post=2022"},{"taxonomy":"section","embeddable":true,"href":"https:\/\/catgas.cat\/es\/wp-json\/wp\/v2\/section?post=2022"}],"curies":[{"name":"wp","href":"https:\/\/api.w.org\/{rel}","templated":true}]}}