{"id":1035,"date":"2019-04-04T13:38:08","date_gmt":"2019-04-04T11:38:08","guid":{"rendered":"http:\/\/pruebas.catgas.cat\/?page_id=1035"},"modified":"2026-03-12T14:19:58","modified_gmt":"2026-03-12T12:19:58","slug":"tarifes-combo-empresa","status":"publish","type":"page","link":"https:\/\/catgas.cat\/es\/tarifes-combo-empresa\/","title":{"rendered":"Tarifas Catllum"},"content":{"rendered":"<p>[vc_row css_animation=&#8221;&#8221; row_type=&#8221;row&#8221; use_row_as_full_screen_section=&#8221;no&#8221; type=&#8221;grid&#8221; angled_section=&#8221;no&#8221; text_align=&#8221;left&#8221; background_image_as_pattern=&#8221;without_pattern&#8221; z_index=&#8221;&#8221;][vc_column][vc_column_text el_class=&#8221;combo-steps&#8221;]<\/p>\n<ul>\n<li class=\"step1 active\">Gas<\/li>\n<li class=\"step2 final\">Luz<\/li>\n<\/ul>\n<p>[\/vc_column_text][\/vc_column][\/vc_row][vc_row css_animation=&#8221;&#8221; row_type=&#8221;row&#8221; use_row_as_full_screen_section=&#8221;no&#8221; type=&#8221;grid&#8221; angled_section=&#8221;no&#8221; text_align=&#8221;left&#8221; background_image_as_pattern=&#8221;without_pattern&#8221; z_index=&#8221;&#8221;][vc_column width=&#8221;1\/3&#8243;][vc_column_text el_class=&#8221;subtitle&#8221;]<\/p>\n<h2>Primero escoge la tarifa de gas que te corresponde<\/h2>\n<p>[\/vc_column_text][vc_column_text]Las tarifas de GAS se aplican teniendo en cuenta tu <strong>consumo anual<\/strong> (kWh\/a\u00f1o). Cons\u00faltalo en tus facturas para saber cu\u00e1l te corresponde.[\/vc_column_text][\/vc_column][vc_column width=&#8221;2\/3&#8243;][vc_single_image image=&#8221;583&#8243; img_size=&#8221;full&#8221; qode_css_animation=&#8221;&#8221; el_class=&#8221;product-logo&#8221;][\/vc_column][\/vc_row][vc_row css_animation=&#8221;&#8221; row_type=&#8221;row&#8221; use_row_as_full_screen_section=&#8221;no&#8221; type=&#8221;grid&#8221; angled_section=&#8221;no&#8221; text_align=&#8221;left&#8221; background_image_as_pattern=&#8221;without_pattern&#8221; z_index=&#8221;&#8221;][vc_column][vc_column_text]<div class=\"query query-tarifes_gas_empresa-wrapper \">\n\t<div class=\"query-wrapper-content\">\n\t\t\n\t\t\n\t\t<div class=\"query-content\">\n\t\t\t<div class=\"query-unformatted query-tarifes_gas_empresa\">\n\t\n\t\t<div class=\"query-row query-row-even query-row-0 query-row-first\">\n\t\t\t\n\t\t\t\t\t\t\t\t\t\t\t\t\t\t\t<div class=\"query-field query-field-featured_image\">\n\t\t\t\t\t\t\t<img width=\"248\" height=\"95\" src=\"https:\/\/catgas.cat\/wp-content\/uploads\/2019\/02\/thumb-CG_Tarifes_Gas_RL1.png\" class=\"attachment-large size-large\" alt=\"\" \/>\t\t\t\t\t\t<\/div>\n\t\t\t\t\t\t\t\t\t\t\t\t\t\t\t\t\t\t\t\t<div class=\"query-field query-field-post_content\">\n\t\t\t\t\t\t\t<!-- wp:heading -->\r\n<h2>RL.1<\/h2>\r\n<!-- \/wp:heading -->\r\n\r\n<!-- wp:heading {\"level\":3} -->\r\n<h3>Hasta 5.000 kWh\/a\u00f1o<\/h3>\r\n<!-- \/wp:heading -->\r\n\r\n<!-- wp:paragraph -->\r\n<p>Para cocina de gas y calentador de agua o bajo consumo de caldera.<\/p>\r\n<!-- \/wp:paragraph -->\r\n\r\n<!-- wp:html -->\r\n<div class=\"range\"><span class=\"price\">5,95 <em>\u20ac<\/em><\/span> <span class=\"price-suffix\">t\u00e9rmino fijo mensual<br \/>(+IVA 10%: 6,54 \u20ac)<\/span><\/div>\r\n<!-- \/wp:html -->\r\n\r\n<!-- wp:html -->\r\n<div class=\"range\"><span class=\"price\">0,0812 <em>\u20ac<\/em><\/span> <span class=\"price-suffix\">por kWh (consumo)<br \/>(+IVA 10%: 0,0893 \u20ac\/kWh)<\/span><\/div>\r\n<!-- \/wp:html -->\t\t\t\t\t\t<\/div>\n\t\t\t\t\t\t\t\t\t\t\t\t\t\t\t\t\t\t\t\t<div class=\"query-field query-field-ID\">\n\t\t\t\t\t\t\t1007\t\t\t\t\t\t<\/div>\n\t\t\t\t\t\t\t\t\t\n\t\t\t\t\t<\/div>\n\n\t\n\t\t<div class=\"query-row query-row-odd query-row-1\">\n\t\t\t\n\t\t\t\t\t\t\t\t\t\t\t\t\t\t\t<div class=\"query-field query-field-featured_image\">\n\t\t\t\t\t\t\t<img width=\"281\" height=\"95\" src=\"https:\/\/catgas.cat\/wp-content\/uploads\/2019\/02\/thumb-CG_Tarifes_Gas_RL2.png\" class=\"attachment-large size-large\" alt=\"\" \/>\t\t\t\t\t\t<\/div>\n\t\t\t\t\t\t\t\t\t\t\t\t\t\t\t\t\t\t\t\t<div class=\"query-field query-field-post_content\">\n\t\t\t\t\t\t\t<!-- wp:heading -->\r\n<h2>RL.2<\/h2>\r\n<!-- \/wp:heading -->\r\n\r\n<!-- wp:heading {\"level\":3} -->\r\n<h3>De 5.000 a 15.000 kWh\/a\u00f1o<\/h3>\r\n<!-- \/wp:heading -->\r\n\r\n<!-- wp:paragraph -->\r\n<p>Cuando haces un consumo abundante de cocina y calefacci\u00f3n de gas.<\/p>\r\n<!-- \/wp:paragraph -->\r\n\r\n<!-- wp:html -->\r\n<div class=\"range\"><span class=\"price\">11,33 <em>\u20ac<\/em><\/span> <span class=\"price-suffix\">t\u00e9rmino fijo mensual<br \/>(+IVA 10%: 12,46 \u20ac)<\/span><\/div>\r\n<!-- \/wp:html -->\r\n\r\n<!-- wp:html -->\r\n<div class=\"range\"><span class=\"price\">0,0791 <em>\u20ac<\/em><\/span> <span class=\"price-suffix\">por kWh (consumo)<br \/>(+IVA 10%: 0,0870 \u20ac\/kWh)<\/span><\/div>\r\n<!-- \/wp:html -->\t\t\t\t\t\t<\/div>\n\t\t\t\t\t\t\t\t\t\t\t\t\t\t\t\t\t\t\t\t<div class=\"query-field query-field-ID\">\n\t\t\t\t\t\t\t1008\t\t\t\t\t\t<\/div>\n\t\t\t\t\t\t\t\t\t\n\t\t\t\t\t<\/div>\n\n\t\n\t\t<div class=\"query-row query-row-even query-row-2\">\n\t\t\t\n\t\t\t\t\t\t\t\t\t\t\t\t\t\t\t<div class=\"query-field query-field-featured_image\">\n\t\t\t\t\t\t\t<img width=\"278\" height=\"95\" src=\"https:\/\/catgas.cat\/wp-content\/uploads\/2019\/02\/thumb-CG_Tarifes_Gas_RL3.png\" class=\"attachment-large size-large\" alt=\"\" \/>\t\t\t\t\t\t<\/div>\n\t\t\t\t\t\t\t\t\t\t\t\t\t\t\t\t\t\t\t\t<div class=\"query-field query-field-post_content\">\n\t\t\t\t\t\t\t<!-- wp:heading -->\r\n<h2>RL.3<\/h2>\r\n<!-- \/wp:heading -->\r\n\r\n<!-- wp:heading {\"level\":3} -->\r\n<h3>De 15.000 a 50.000 kWh\/a\u00f1o<\/h3>\r\n<!-- \/wp:heading -->\r\n\r\n<!-- wp:paragraph -->\r\n<p>Cuando haces un consumo muy alto de cocina y calefacci\u00f3n de gas.<\/p>\r\n<!-- \/wp:paragraph -->\r\n\r\n<!-- wp:html -->\r\n<div class=\"range\"><span class=\"price\">26,80 <em>\u20ac<\/em><\/span> <span class=\"price-suffix\">t\u00e9rmino fijo mensual<br \/>(+IVA 10%: 29,48 \u20ac)<\/span><\/div>\r\n<!-- \/wp:html -->\r\n\r\n<!-- wp:html -->\r\n<div class=\"range\"><span class=\"price\">0,0756 <em>\u20ac<\/em><\/span> <span class=\"price-suffix\">por kWh (consumo)<br \/>(+IVA 10%: 0,0831 \u20ac\/kWh)<\/span><\/div>\r\n<!-- \/wp:html -->\t\t\t\t\t\t<\/div>\n\t\t\t\t\t\t\t\t\t\t\t\t\t\t\t\t\t\t\t\t<div class=\"query-field query-field-ID\">\n\t\t\t\t\t\t\t1017\t\t\t\t\t\t<\/div>\n\t\t\t\t\t\t\t\t\t\n\t\t\t\t\t<\/div>\n\n\t\n\t\t<div class=\"query-row query-row-odd query-row-3 query-row-last\">\n\t\t\t\n\t\t\t\t\t\t\t\t\t\t\t\t\t\t\t<div class=\"query-field query-field-featured_image\">\n\t\t\t\t\t\t\t<img width=\"374\" height=\"221\" src=\"https:\/\/catgas.cat\/wp-content\/uploads\/2019\/02\/thumb-CG_Tarifes_Gas_RL1_RL11.png\" class=\"attachment-large size-large\" alt=\"\" srcset=\"https:\/\/catgas.cat\/wp-content\/uploads\/2019\/02\/thumb-CG_Tarifes_Gas_RL1_RL11.png 374w, https:\/\/catgas.cat\/wp-content\/uploads\/2019\/02\/thumb-CG_Tarifes_Gas_RL1_RL11-300x177.png 300w\" sizes=\"(max-width: 374px) 100vw, 374px\" \/>\t\t\t\t\t\t<\/div>\n\t\t\t\t\t\t\t\t\t\t\t\t\t\t\t\t\t\t\t\t<div class=\"query-field query-field-post_content\">\n\t\t\t\t\t\t\t<!-- wp:heading -->\r\n<h2>De RL.4 a RL.11<\/h2>\r\n<!-- \/wp:heading -->\r\n\r\n<!-- wp:heading {\"level\":3} -->\r\n<h3>M\u00e1s de 50.000 kWh\/a\u00f1o<\/h3>\r\n<!-- \/wp:heading -->\r\n\r\n<!-- wp:paragraph -->\r\n<p>Para instalaciones industriales.<\/p>\r\n<!-- \/wp:paragraph -->\r\n\r\n<!-- wp:html -->\r\n<div class=\"range\"><span class=\"price\">Consultar <\/span>\u00a0<span class=\"price-suffix\">T: 933922232<br \/><\/span><\/div>\r\n<!-- \/wp:html -->\r\n\r\n<!-- wp:html -->\r\n<div class=\"range\"><span class=\"price\">Consultar <\/span>\u00a0<span class=\"price-suffix\">T: 933922232<br \/><\/span><\/div>\r\n<!-- \/wp:html -->\t\t\t\t\t\t<\/div>\n\t\t\t\t\t\t\t\t\t\t\t\t\t\t\t\t\t\t\t\t<div class=\"query-field query-field-ID\">\n\t\t\t\t\t\t\t1018\t\t\t\t\t\t<\/div>\n\t\t\t\t\t\t\t\t\t\n\t\t\t\t\t<\/div>\n\n\t<\/div>\t\t\t\t\t<\/div>\n\n\t\t\t<\/div>\n<\/div>[\/vc_column_text][\/vc_column][\/vc_row][vc_row css_animation=&#8221;&#8221; row_type=&#8221;row&#8221; use_row_as_full_screen_section=&#8221;no&#8221; type=&#8221;grid&#8221; angled_section=&#8221;no&#8221; text_align=&#8221;left&#8221; background_image_as_pattern=&#8221;without_pattern&#8221; z_index=&#8221;&#8221;][vc_column][vc_column_text el_class=&#8221;bottom-message&#8221;]<strong>\u00a1Importante!<\/strong> Recuerda que debes tener ya el gas instalado. <a class=\"more-info\" href=\"#\"><span class=\"question-mark\">?<\/span><span class=\"explanation\"><strong>Si no tienes el gas instalado\u2026<\/strong> se considera que te est\u00e1s dando de alta. Los costes de alta, fijados por el Gobierno, se te cargar\u00e1n en la primera factura.<\/span><\/a>[\/vc_column_text][\/vc_column][\/vc_row]<\/p>\n","protected":false},"excerpt":{"rendered":"<p>[vc_row css_animation=&#8221;&#8221; row_type=&#8221;row&#8221; use_row_as_full_screen_section=&#8221;no&#8221; type=&#8221;grid&#8221; angled_section=&#8221;no&#8221; text_align=&#8221;left&#8221; background_image_as_pattern=&#8221;without_pattern&#8221; z_index=&#8221;&#8221;][vc_column][vc_column_text el_class=&#8221;combo-steps&#8221;] Gas Luz [\/vc_column_text][\/vc_column][\/vc_row][vc_row css_animation=&#8221;&#8221; row_type=&#8221;row&#8221; use_row_as_full_screen_section=&#8221;no&#8221; type=&#8221;grid&#8221; angled_section=&#8221;no&#8221; text_align=&#8221;left&#8221; background_image_as_pattern=&#8221;without_pattern&#8221; z_index=&#8221;&#8221;][vc_column width=&#8221;1\/3&#8243;][vc_column_text el_class=&#8221;subtitle&#8221;] Primero escoge la tarifa de gas que te corresponde [\/vc_column_text][vc_column_text]Las tarifas de GAS se aplican teniendo en cuenta tu consumo anual (kWh\/a\u00f1o)&#8230;.<\/p>\n","protected":false},"author":1,"featured_media":0,"parent":0,"menu_order":0,"comment_status":"closed","ping_status":"closed","template":"full_width.php","meta":[],"categories":[],"tags":[],"section":[99,103],"yoast_head":"<!-- This site is optimized with the Yoast SEO plugin v17.2.1 - https:\/\/yoast.com\/wordpress\/plugins\/seo\/ -->\n<meta name=\"robots\" content=\"index, follow, max-snippet:-1, max-image-preview:large, max-video-preview:-1\" \/>\n<link rel=\"canonical\" href=\"https:\/\/catgas.cat\/es\/tarifes-combo-empresa\/\" \/>\n<meta property=\"og:locale\" content=\"es_ES\" \/>\n<meta property=\"og:type\" content=\"article\" \/>\n<meta property=\"og:title\" content=\"Tarifas Catllum - Catgas\" \/>\n<meta property=\"og:description\" content=\"[vc_row css_animation=&#8221;&#8221; row_type=&#8221;row&#8221; use_row_as_full_screen_section=&#8221;no&#8221; type=&#8221;grid&#8221; angled_section=&#8221;no&#8221; text_align=&#8221;left&#8221; background_image_as_pattern=&#8221;without_pattern&#8221; z_index=&#8221;&#8221;][vc_column][vc_column_text el_class=&#8221;combo-steps&#8221;] Gas Luz [\/vc_column_text][\/vc_column][\/vc_row][vc_row css_animation=&#8221;&#8221; row_type=&#8221;row&#8221; use_row_as_full_screen_section=&#8221;no&#8221; type=&#8221;grid&#8221; angled_section=&#8221;no&#8221; text_align=&#8221;left&#8221; background_image_as_pattern=&#8221;without_pattern&#8221; z_index=&#8221;&#8221;][vc_column width=&#8221;1\/3&#8243;][vc_column_text el_class=&#8221;subtitle&#8221;] Primero escoge la tarifa de gas que te corresponde [\/vc_column_text][vc_column_text]Las tarifas de GAS se aplican teniendo en cuenta tu consumo anual (kWh\/a\u00f1o)....\" \/>\n<meta property=\"og:url\" content=\"https:\/\/catgas.cat\/es\/tarifes-combo-empresa\/\" \/>\n<meta property=\"og:site_name\" content=\"Catgas\" \/>\n<meta property=\"article:modified_time\" content=\"2026-03-12T12:19:58+00:00\" \/>\n<meta property=\"og:image\" content=\"https:\/\/catgas.cat\/wp-content\/uploads\/2019\/03\/CG_Web_Thumbnail_100.jpg\" \/>\n\t<meta property=\"og:image:width\" content=\"600\" \/>\n\t<meta property=\"og:image:height\" content=\"600\" \/>\n<meta name=\"twitter:card\" content=\"summary_large_image\" \/>\n<meta name=\"twitter:label1\" content=\"Temps estimat de lectura\" \/>\n\t<meta name=\"twitter:data1\" content=\"1 minute\" \/>\n<script type=\"application\/ld+json\" class=\"yoast-schema-graph\">{\"@context\":\"https:\/\/schema.org\",\"@graph\":[{\"@type\":\"Organization\",\"@id\":\"https:\/\/catgas.cat\/#organization\",\"name\":\"Catgas Energia\",\"url\":\"https:\/\/catgas.cat\/\",\"sameAs\":[],\"logo\":{\"@type\":\"ImageObject\",\"@id\":\"https:\/\/catgas.cat\/#logo\",\"inLanguage\":\"es\",\"url\":\"https:\/\/catgas.cat\/wp-content\/uploads\/2019\/02\/logo-catgas.png\",\"contentUrl\":\"https:\/\/catgas.cat\/wp-content\/uploads\/2019\/02\/logo-catgas.png\",\"width\":264,\"height\":90,\"caption\":\"Catgas Energia\"},\"image\":{\"@id\":\"https:\/\/catgas.cat\/#logo\"}},{\"@type\":\"WebSite\",\"@id\":\"https:\/\/catgas.cat\/#website\",\"url\":\"https:\/\/catgas.cat\/\",\"name\":\"Catgas\",\"description\":\"\",\"publisher\":{\"@id\":\"https:\/\/catgas.cat\/#organization\"},\"potentialAction\":[{\"@type\":\"SearchAction\",\"target\":{\"@type\":\"EntryPoint\",\"urlTemplate\":\"https:\/\/catgas.cat\/?s={search_term_string}\"},\"query-input\":\"required name=search_term_string\"}],\"inLanguage\":\"es\"},{\"@type\":\"WebPage\",\"@id\":\"https:\/\/catgas.cat\/es\/tarifes-combo-empresa\/#webpage\",\"url\":\"https:\/\/catgas.cat\/es\/tarifes-combo-empresa\/\",\"name\":\"Tarifas Catllum - Catgas\",\"isPartOf\":{\"@id\":\"https:\/\/catgas.cat\/#website\"},\"datePublished\":\"2019-04-04T11:38:08+00:00\",\"dateModified\":\"2026-03-12T12:19:58+00:00\",\"breadcrumb\":{\"@id\":\"https:\/\/catgas.cat\/es\/tarifes-combo-empresa\/#breadcrumb\"},\"inLanguage\":\"es\",\"potentialAction\":[{\"@type\":\"ReadAction\",\"target\":[\"https:\/\/catgas.cat\/es\/tarifes-combo-empresa\/\"]}]},{\"@type\":\"BreadcrumbList\",\"@id\":\"https:\/\/catgas.cat\/es\/tarifes-combo-empresa\/#breadcrumb\",\"itemListElement\":[{\"@type\":\"ListItem\",\"position\":1,\"name\":\"Inici\",\"item\":\"https:\/\/catgas.cat\/es\/\"},{\"@type\":\"ListItem\",\"position\":2,\"name\":\"Tarifas Catllum\"}]}]}<\/script>\n<!-- \/ Yoast SEO plugin. -->","yoast_head_json":{"robots":{"index":"index","follow":"follow","max-snippet":"max-snippet:-1","max-image-preview":"max-image-preview:large","max-video-preview":"max-video-preview:-1"},"canonical":"https:\/\/catgas.cat\/es\/tarifes-combo-empresa\/","og_locale":"es_ES","og_type":"article","og_title":"Tarifas Catllum - Catgas","og_description":"[vc_row css_animation=&#8221;&#8221; row_type=&#8221;row&#8221; use_row_as_full_screen_section=&#8221;no&#8221; type=&#8221;grid&#8221; angled_section=&#8221;no&#8221; text_align=&#8221;left&#8221; background_image_as_pattern=&#8221;without_pattern&#8221; z_index=&#8221;&#8221;][vc_column][vc_column_text el_class=&#8221;combo-steps&#8221;] Gas Luz [\/vc_column_text][\/vc_column][\/vc_row][vc_row css_animation=&#8221;&#8221; row_type=&#8221;row&#8221; use_row_as_full_screen_section=&#8221;no&#8221; type=&#8221;grid&#8221; angled_section=&#8221;no&#8221; text_align=&#8221;left&#8221; background_image_as_pattern=&#8221;without_pattern&#8221; z_index=&#8221;&#8221;][vc_column width=&#8221;1\/3&#8243;][vc_column_text el_class=&#8221;subtitle&#8221;] Primero escoge la tarifa de gas que te corresponde [\/vc_column_text][vc_column_text]Las tarifas de GAS se aplican teniendo en cuenta tu consumo anual (kWh\/a\u00f1o)....","og_url":"https:\/\/catgas.cat\/es\/tarifes-combo-empresa\/","og_site_name":"Catgas","article_modified_time":"2026-03-12T12:19:58+00:00","og_image":[{"width":600,"height":600,"url":"https:\/\/catgas.cat\/wp-content\/uploads\/2019\/03\/CG_Web_Thumbnail_100.jpg","path":"\/home\/catgasca\/public_html\/wp-content\/uploads\/2019\/03\/CG_Web_Thumbnail_100.jpg","size":"full","id":880,"alt":"","pixels":360000,"type":"image\/jpeg"}],"twitter_card":"summary_large_image","twitter_misc":{"Temps estimat de lectura":"1 minute"},"schema":{"@context":"https:\/\/schema.org","@graph":[{"@type":"Organization","@id":"https:\/\/catgas.cat\/#organization","name":"Catgas Energia","url":"https:\/\/catgas.cat\/","sameAs":[],"logo":{"@type":"ImageObject","@id":"https:\/\/catgas.cat\/#logo","inLanguage":"es","url":"https:\/\/catgas.cat\/wp-content\/uploads\/2019\/02\/logo-catgas.png","contentUrl":"https:\/\/catgas.cat\/wp-content\/uploads\/2019\/02\/logo-catgas.png","width":264,"height":90,"caption":"Catgas Energia"},"image":{"@id":"https:\/\/catgas.cat\/#logo"}},{"@type":"WebSite","@id":"https:\/\/catgas.cat\/#website","url":"https:\/\/catgas.cat\/","name":"Catgas","description":"","publisher":{"@id":"https:\/\/catgas.cat\/#organization"},"potentialAction":[{"@type":"SearchAction","target":{"@type":"EntryPoint","urlTemplate":"https:\/\/catgas.cat\/?s={search_term_string}"},"query-input":"required name=search_term_string"}],"inLanguage":"es"},{"@type":"WebPage","@id":"https:\/\/catgas.cat\/es\/tarifes-combo-empresa\/#webpage","url":"https:\/\/catgas.cat\/es\/tarifes-combo-empresa\/","name":"Tarifas Catllum - Catgas","isPartOf":{"@id":"https:\/\/catgas.cat\/#website"},"datePublished":"2019-04-04T11:38:08+00:00","dateModified":"2026-03-12T12:19:58+00:00","breadcrumb":{"@id":"https:\/\/catgas.cat\/es\/tarifes-combo-empresa\/#breadcrumb"},"inLanguage":"es","potentialAction":[{"@type":"ReadAction","target":["https:\/\/catgas.cat\/es\/tarifes-combo-empresa\/"]}]},{"@type":"BreadcrumbList","@id":"https:\/\/catgas.cat\/es\/tarifes-combo-empresa\/#breadcrumb","itemListElement":[{"@type":"ListItem","position":1,"name":"Inici","item":"https:\/\/catgas.cat\/es\/"},{"@type":"ListItem","position":2,"name":"Tarifas Catllum"}]}]}},"_links":{"self":[{"href":"https:\/\/catgas.cat\/es\/wp-json\/wp\/v2\/pages\/1035"}],"collection":[{"href":"https:\/\/catgas.cat\/es\/wp-json\/wp\/v2\/pages"}],"about":[{"href":"https:\/\/catgas.cat\/es\/wp-json\/wp\/v2\/types\/page"}],"author":[{"embeddable":true,"href":"https:\/\/catgas.cat\/es\/wp-json\/wp\/v2\/users\/1"}],"replies":[{"embeddable":true,"href":"https:\/\/catgas.cat\/es\/wp-json\/wp\/v2\/comments?post=1035"}],"version-history":[{"count":12,"href":"https:\/\/catgas.cat\/es\/wp-json\/wp\/v2\/pages\/1035\/revisions"}],"predecessor-version":[{"id":95915,"href":"https:\/\/catgas.cat\/es\/wp-json\/wp\/v2\/pages\/1035\/revisions\/95915"}],"wp:attachment":[{"href":"https:\/\/catgas.cat\/es\/wp-json\/wp\/v2\/media?parent=1035"}],"wp:term":[{"taxonomy":"category","embeddable":true,"href":"https:\/\/catgas.cat\/es\/wp-json\/wp\/v2\/categories?post=1035"},{"taxonomy":"post_tag","embeddable":true,"href":"https:\/\/catgas.cat\/es\/wp-json\/wp\/v2\/tags?post=1035"},{"taxonomy":"section","embeddable":true,"href":"https:\/\/catgas.cat\/es\/wp-json\/wp\/v2\/section?post=1035"}],"curies":[{"name":"wp","href":"https:\/\/api.w.org\/{rel}","templated":true}]}}